{"id":63,"date":"2022-11-02T15:32:20","date_gmt":"2022-11-02T13:32:20","guid":{"rendered":"https:\/\/www.plakosystems.pl\/?page_id=63"},"modified":"2025-12-05T00:58:23","modified_gmt":"2025-12-04T22:58:23","slug":"produkty","status":"publish","type":"page","link":"https:\/\/www.plakosystems.pl\/en\/produkty\/","title":{"rendered":"Products"},"content":{"rendered":"<div data-elementor-type=\"wp-page\" data-elementor-id=\"63\" class=\"elementor elementor-63\" data-elementor-post-type=\"page\">\n\t\t\t\t\t\t<section class=\"elementor-section elementor-top-section elementor-element elementor-element-7776336 elementor-section-boxed elementor-section-height-default elementor-section-height-default sc_fly_static\" data-id=\"7776336\" data-element_type=\"section\" data-e-type=\"section\">\n\t\t\t\t\t\t<div class=\"elementor-container elementor-column-gap-extended\">\n\t\t\t\t\t<div class=\"elementor-column elementor-col-100 elementor-top-column elementor-element elementor-element-29159e4 sc_inner_width_none sc_content_align_inherit sc_layouts_column_icons_position_left sc_fly_static\" data-id=\"29159e4\" data-element_type=\"column\" data-e-type=\"column\">\n\t\t\t<div class=\"elementor-widget-wrap elementor-element-populated\">\n\t\t\t\t\t\t<div class=\"elementor-element elementor-element-f95217e sc_fly_static elementor-widget elementor-widget-text-editor\" data-id=\"f95217e\" data-element_type=\"widget\" data-e-type=\"widget\" data-widget_type=\"text-editor.default\">\n\t\t\t\t<div class=\"elementor-widget-container\">\n\t\t\t\t\t\t\t\t\t<p>Below is a list of the elements included in the IDS docking control systems. IDS systems are multifunctional solutions for safety and improvement of loading processes in warehouses, logistics and other halls.<\/p><table style=\"width: 100%;\" width=\"100%\"><tbody><tr><td style=\"width: 100%;\" colspan=\"4\" width=\"624\"><strong>INTELLIGENT IDS DOCKING SYSTEMS<\/strong><\/td><\/tr><tr><td style=\"width: 10.1036%;\" width=\"38\"><strong>Nr<\/strong><\/td><td style=\"width: 32.1244%;\" width=\"113\"><strong>Name<\/strong><\/td><td style=\"width: 44.3005%;\" width=\"302\"><strong>Item description<\/strong><\/td><td style=\"width: 13.4715%;\" width=\"170\"><strong>\u00a0<\/strong><\/td><\/tr><tr><td style=\"width: 10.1036%;\" width=\"38\">1.<\/td><td style=\"width: 32.1244%;\" width=\"113\"><strong>IDS driver<\/strong><\/td><td style=\"text-align: justify; width: 44.3005%;\" width=\"302\">Electronic controller of the docking control system, equipped with a 230\/24V power supply, powering and controlling all devices included in the system. Equipped with an illuminated driver release button, optionally with an ignition switch with a key that turns off the system's power. The system's operating pattern can be freely adjusted to the customer's needs.<\/td><td style=\"width: 13.4715%;\" width=\"170\"><img fetchpriority=\"high\" decoding=\"async\" class=\"alignnone wp-image-664 size-medium\" src=\"https:\/\/www.plakosystems.pl\/wp-content\/uploads\/2025\/12\/sterownik-IDS_v2-300x267.png\" alt=\"\" width=\"300\" height=\"267\" srcset=\"https:\/\/www.plakosystems.pl\/wp-content\/uploads\/2025\/12\/sterownik-IDS_v2-300x267.png 300w, https:\/\/www.plakosystems.pl\/wp-content\/uploads\/2025\/12\/sterownik-IDS_v2-1024x910.png 1024w, https:\/\/www.plakosystems.pl\/wp-content\/uploads\/2025\/12\/sterownik-IDS_v2-768x683.png 768w, https:\/\/www.plakosystems.pl\/wp-content\/uploads\/2025\/12\/sterownik-IDS_v2-1536x1365.png 1536w, https:\/\/www.plakosystems.pl\/wp-content\/uploads\/2025\/12\/sterownik-IDS_v2-2048x1820.png 2048w, https:\/\/www.plakosystems.pl\/wp-content\/uploads\/2025\/12\/sterownik-IDS_v2-14x12.png 14w, https:\/\/www.plakosystems.pl\/wp-content\/uploads\/2025\/12\/sterownik-IDS_v2-370x329.png 370w, https:\/\/www.plakosystems.pl\/wp-content\/uploads\/2025\/12\/sterownik-IDS_v2-840x747.png 840w, https:\/\/www.plakosystems.pl\/wp-content\/uploads\/2025\/12\/sterownik-IDS_v2-410x364.png 410w\" sizes=\"(max-width: 300px) 100vw, 300px\" \/><\/td><\/tr><tr><td style=\"width: 10.1036%;\" width=\"38\">2.<\/td><td style=\"width: 32.1244%;\" width=\"113\"><p><strong>Safety wedge <\/strong><\/p><p><strong>IDS\u2013W.x<\/strong><\/p><\/td><td style=\"text-align: justify; width: 44.3005%;\" width=\"302\">Steel safety wedge equipped with an ultrasonic sensor, designed to mechanically and electronically secure the vehicle in the dock. Equipped with a connection cable and a 10m rubber cable or a 2\/8m PUR spiral cable.<\/td><td style=\"width: 13.4715%;\" rowspan=\"2\" width=\"170\"><p><img decoding=\"async\" class=\"alignnone size-medium wp-image-102\" src=\"https:\/\/www.plakosystems.pl\/wp-content\/uploads\/2022\/11\/klin-IDS-IW-300x225.png\" alt=\"\" width=\"300\" height=\"225\" srcset=\"https:\/\/www.plakosystems.pl\/wp-content\/uploads\/2022\/11\/klin-IDS-IW-300x225.png 300w, https:\/\/www.plakosystems.pl\/wp-content\/uploads\/2022\/11\/klin-IDS-IW-1024x768.png 1024w, https:\/\/www.plakosystems.pl\/wp-content\/uploads\/2022\/11\/klin-IDS-IW-768x576.png 768w, https:\/\/www.plakosystems.pl\/wp-content\/uploads\/2022\/11\/klin-IDS-IW-1536x1152.png 1536w, https:\/\/www.plakosystems.pl\/wp-content\/uploads\/2022\/11\/klin-IDS-IW-370x278.png 370w, https:\/\/www.plakosystems.pl\/wp-content\/uploads\/2022\/11\/klin-IDS-IW-840x630.png 840w, https:\/\/www.plakosystems.pl\/wp-content\/uploads\/2022\/11\/klin-IDS-IW-410x308.png 410w, https:\/\/www.plakosystems.pl\/wp-content\/uploads\/2022\/11\/klin-IDS-IW-890x664.png 890w, https:\/\/www.plakosystems.pl\/wp-content\/uploads\/2022\/11\/klin-IDS-IW.png 2016w\" sizes=\"(max-width: 300px) 100vw, 300px\" \/><\/p><p><img decoding=\"async\" class=\"alignnone size-medium wp-image-106\" src=\"https:\/\/www.plakosystems.pl\/wp-content\/uploads\/2022\/11\/klin-IDS-W-300x225.png\" alt=\"\" width=\"300\" height=\"225\" srcset=\"https:\/\/www.plakosystems.pl\/wp-content\/uploads\/2022\/11\/klin-IDS-W-300x225.png 300w, https:\/\/www.plakosystems.pl\/wp-content\/uploads\/2022\/11\/klin-IDS-W-1024x768.png 1024w, https:\/\/www.plakosystems.pl\/wp-content\/uploads\/2022\/11\/klin-IDS-W-768x576.png 768w, https:\/\/www.plakosystems.pl\/wp-content\/uploads\/2022\/11\/klin-IDS-W-1536x1152.png 1536w, https:\/\/www.plakosystems.pl\/wp-content\/uploads\/2022\/11\/klin-IDS-W-2048x1536.png 2048w, https:\/\/www.plakosystems.pl\/wp-content\/uploads\/2022\/11\/klin-IDS-W-370x278.png 370w, https:\/\/www.plakosystems.pl\/wp-content\/uploads\/2022\/11\/klin-IDS-W-840x630.png 840w, https:\/\/www.plakosystems.pl\/wp-content\/uploads\/2022\/11\/klin-IDS-W-410x308.png 410w, https:\/\/www.plakosystems.pl\/wp-content\/uploads\/2022\/11\/klin-IDS-W-890x664.png 890w\" sizes=\"(max-width: 300px) 100vw, 300px\" \/><\/p><\/td><\/tr><tr><td style=\"width: 10.1036%;\" width=\"38\">3.<\/td><td style=\"width: 32.1244%;\" width=\"113\"><p><strong>Smart safety wedge <\/strong><\/p><p><strong>IDS\u2013IW.x<\/strong><\/p><\/td><td style=\"text-align: justify; width: 44.3005%;\" width=\"302\">A steel safety wedge equipped with an ultrasonic sensor and an electronic system that detects the position of the device, designed to mechanically and electronically secure the vehicle in the dock. Equipped with a connection cable and a 10m rubber cable or a 2\/8m PUR spiral cable. It sends two signals to the control system - detection of a chock under the vehicle wheel and placing the chock in the wall holder.<\/td><\/tr><tr><td style=\"width: 10.1036%;\" width=\"38\">4.<\/td><td style=\"width: 32.1244%;\" width=\"113\"><p><strong>Semaphore<\/strong><\/p><p><strong>IDS-SL.3<\/strong><\/p><\/td><td style=\"text-align: justify; width: 44.3005%;\" width=\"302\">Three-chamber LED semaphore in three colors, red\/yellow\/green. Lens diameter 120mm. 24V LED light source.\u00a0<\/td><td style=\"width: 13.4715%;\" width=\"170\"><img loading=\"lazy\" decoding=\"async\" class=\"size-medium wp-image-111 aligncenter\" src=\"https:\/\/www.plakosystems.pl\/wp-content\/uploads\/2022\/11\/semafor3-IDS-LS-97x300.jpg\" alt=\"\" width=\"97\" height=\"300\" srcset=\"https:\/\/www.plakosystems.pl\/wp-content\/uploads\/2022\/11\/semafor3-IDS-LS-97x300.jpg 97w, https:\/\/www.plakosystems.pl\/wp-content\/uploads\/2022\/11\/semafor3-IDS-LS.jpg 128w\" sizes=\"(max-width: 97px) 100vw, 97px\" \/><\/td><\/tr><tr><td style=\"width: 10.1036%;\" width=\"38\">5.<\/td><td style=\"width: 32.1244%;\" width=\"113\"><p><strong>Semaphore<\/strong><\/p><p><strong>IDS-SL.2<\/strong><\/p><\/td><td style=\"text-align: justify; width: 44.3005%;\" width=\"302\">Two-chamber LED semaphore in two colors, red\/green. Lens diameter 120mm. 24V LED light source.\u00a0<\/td><td style=\"width: 13.4715%;\" width=\"170\"><img loading=\"lazy\" decoding=\"async\" class=\"alignnone wp-image-625 size-medium\" src=\"https:\/\/www.plakosystems.pl\/wp-content\/uploads\/2025\/01\/IDS_SL_2-162x300.png\" alt=\"\" width=\"162\" height=\"300\" srcset=\"https:\/\/www.plakosystems.pl\/wp-content\/uploads\/2025\/01\/IDS_SL_2-162x300.png 162w, https:\/\/www.plakosystems.pl\/wp-content\/uploads\/2025\/01\/IDS_SL_2-6x12.png 6w, https:\/\/www.plakosystems.pl\/wp-content\/uploads\/2025\/01\/IDS_SL_2.png 300w\" sizes=\"(max-width: 162px) 100vw, 162px\" \/><\/td><\/tr><tr><td style=\"width: 10.1036%;\" width=\"38\">6.<\/td><td style=\"width: 32.1244%;\" width=\"113\"><p><strong>Semaphore<\/strong><\/p><p><strong>IDS-SL.1<\/strong><\/p><\/td><td style=\"text-align: justify; width: 44.3005%;\" width=\"302\">Single-chamber LED semaphore in two colors, red\/green. Lens diameter 120mm. 24V LED light source.\u00a0<\/td><td style=\"width: 13.4715%;\" width=\"170\"><img loading=\"lazy\" decoding=\"async\" class=\"alignnone size-full wp-image-183\" src=\"https:\/\/www.plakosystems.pl\/wp-content\/uploads\/2022\/11\/d2.jpg\" alt=\"\" width=\"300\" height=\"254\" \/><\/td><\/tr><tr><td style=\"width: 10.1036%;\" width=\"38\">7.<\/td><td style=\"width: 32.1244%;\" width=\"113\"><p><strong>Vehicle distance sensor<\/strong><\/p><p><strong>IDS-OS<\/strong><\/p><\/td><td style=\"text-align: justify; width: 44.3005%;\" width=\"302\">Ultrasonic sensor detecting a parking vehicle, with a 10m cable attached. The control system detects the vehicle at two user-defined distances, informing the driver to slow down and stop.<\/td><td style=\"width: 13.4715%;\" width=\"170\"><img loading=\"lazy\" decoding=\"async\" class=\"alignnone size-medium wp-image-294\" src=\"https:\/\/www.plakosystems.pl\/wp-content\/uploads\/2023\/06\/6-230x300.png\" alt=\"\" width=\"230\" height=\"300\" srcset=\"https:\/\/www.plakosystems.pl\/wp-content\/uploads\/2023\/06\/6-230x300.png 230w, https:\/\/www.plakosystems.pl\/wp-content\/uploads\/2023\/06\/6.png 306w\" sizes=\"(max-width: 230px) 100vw, 230px\" \/><\/td><\/tr><tr><td style=\"width: 10.1036%;\">8.<\/td><td style=\"width: 32.1244%;\"><p><strong>Vehicle presence sensor in the dock<\/strong><\/p><p><strong>IDS-PS<\/strong><\/p><\/td><td style=\"text-align: justify; width: 44.3005%;\">An optical sensor that detects a vehicle parked in the loading dock. Mounted above the curtain, it provides a signal to the control system when the curtain is raised by a parked vehicle. With mounting base and 10m cable.<\/td><td style=\"width: 13.4715%;\"><img loading=\"lazy\" decoding=\"async\" class=\"alignnone size-full wp-image-421\" src=\"https:\/\/www.plakosystems.pl\/wp-content\/uploads\/2024\/04\/czujnik-IDS_PS_3.png\" alt=\"\" width=\"200\" height=\"220\" \/><\/td><\/tr><tr><td style=\"width: 10.1036%;\" width=\"38\">9.<\/td><td style=\"width: 32.1244%;\" width=\"113\"><p><strong>Homing lamps<\/strong><\/p><p><strong>IDS-LG<\/strong><\/p><\/td><td style=\"text-align: justify; width: 44.3005%;\" width=\"302\">Set of two 24V LED lamps in white. Mounted on both sides of the dock, they help the driver steer the vehicle towards the gate.<\/td><td style=\"width: 13.4715%;\" width=\"170\"><img loading=\"lazy\" decoding=\"async\" class=\"alignnone size-medium wp-image-422\" src=\"https:\/\/www.plakosystems.pl\/wp-content\/uploads\/2024\/04\/lampa_IDS_LG_kolo-300x300.png\" alt=\"\" width=\"300\" height=\"300\" srcset=\"https:\/\/www.plakosystems.pl\/wp-content\/uploads\/2024\/04\/lampa_IDS_LG_kolo-300x300.png 300w, https:\/\/www.plakosystems.pl\/wp-content\/uploads\/2024\/04\/lampa_IDS_LG_kolo-150x150.png 150w, https:\/\/www.plakosystems.pl\/wp-content\/uploads\/2024\/04\/lampa_IDS_LG_kolo-370x370.png 370w, https:\/\/www.plakosystems.pl\/wp-content\/uploads\/2024\/04\/lampa_IDS_LG_kolo-120x120.png 120w, https:\/\/www.plakosystems.pl\/wp-content\/uploads\/2024\/04\/lampa_IDS_LG_kolo-410x410.png 410w, https:\/\/www.plakosystems.pl\/wp-content\/uploads\/2024\/04\/lampa_IDS_LG_kolo.png 591w\" sizes=\"(max-width: 300px) 100vw, 300px\" \/><\/td><\/tr><tr><td style=\"width: 10.1036%;\" width=\"38\">10.<\/td><td style=\"width: 32.1244%;\" width=\"113\"><strong>Gate position sensor<\/strong><\/td><td style=\"text-align: justify; width: 44.3005%;\" width=\"302\">Photoelectric sensor detecting the gate position. Mounted in the frame, it sends a signal to the control system about the gate opening.<\/td><td style=\"width: 13.4715%;\" width=\"170\"><img loading=\"lazy\" decoding=\"async\" class=\"alignnone size-medium wp-image-420\" src=\"https:\/\/www.plakosystems.pl\/wp-content\/uploads\/2024\/04\/czujnik-IDS_PS-300x182.png\" alt=\"\" width=\"300\" height=\"182\" srcset=\"https:\/\/www.plakosystems.pl\/wp-content\/uploads\/2024\/04\/czujnik-IDS_PS-300x182.png 300w, https:\/\/www.plakosystems.pl\/wp-content\/uploads\/2024\/04\/czujnik-IDS_PS-370x224.png 370w, https:\/\/www.plakosystems.pl\/wp-content\/uploads\/2024\/04\/czujnik-IDS_PS.png 390w\" sizes=\"(max-width: 300px) 100vw, 300px\" \/><\/td><\/tr><tr><td style=\"width: 10.1036%;\" width=\"38\">11.<\/td><td style=\"width: 32.1244%;\" width=\"113\"><strong>Mechanical ramp position sensor<\/strong><\/td><td style=\"text-align: justify; width: 44.3005%;\" width=\"302\">A mechanical sensor mounted under the ramp tongue provides a signal about unfolding\/folding the loading ramp. Equipped with a 10m cable.<\/td><td style=\"width: 13.4715%;\" width=\"170\"><img loading=\"lazy\" decoding=\"async\" class=\"alignnone size-medium wp-image-187\" src=\"https:\/\/www.plakosystems.pl\/wp-content\/uploads\/2022\/11\/e5-300x217.jpg\" alt=\"\" width=\"300\" height=\"217\" srcset=\"https:\/\/www.plakosystems.pl\/wp-content\/uploads\/2022\/11\/e5-300x217.jpg 300w, https:\/\/www.plakosystems.pl\/wp-content\/uploads\/2022\/11\/e5-370x268.jpg 370w, https:\/\/www.plakosystems.pl\/wp-content\/uploads\/2022\/11\/e5-410x297.jpg 410w, https:\/\/www.plakosystems.pl\/wp-content\/uploads\/2022\/11\/e5.jpg 625w\" sizes=\"(max-width: 300px) 100vw, 300px\" \/><\/td><\/tr><\/tbody><\/table><table width=\"100%\"><tbody><tr><td colspan=\"4\" width=\"624\"><strong>ELEMENTS OF EQUIPMENT FOR WAREHOUSES AND LOADING DOCKS<\/strong><\/td><\/tr><tr><td width=\"38\"><strong>Nr<\/strong><\/td><td width=\"113\"><strong>Name<\/strong><\/td><td width=\"302\"><strong>Item description<\/strong><\/td><td width=\"170\"><strong>\u00a0<\/strong><\/td><\/tr><tr><td width=\"38\">1.<\/td><td width=\"113\"><strong>Semaphore with time counter<\/strong><\/td><td style=\"text-align: justify;\" width=\"302\">A counter indicating the time until the operated gate automatically closes. Mounted in a housing with a lens diameter of 200mm, equipped with an electronic system and 7\" segment displays. Time can be set from 2-30 seconds.\u00a0 divided every 2 seconds, after the countdown it issues a pulse signal to close the gate.\u00a0 Recommended especially for high-speed gates, it helps protect the device against unintentional damage by the trolley operator. The set includes two semaphores (master and slave). Possibility to purchase a single piece.<\/td><td width=\"170\"><img loading=\"lazy\" decoding=\"async\" class=\"alignnone wp-image-577 size-medium\" src=\"https:\/\/www.plakosystems.pl\/wp-content\/uploads\/2025\/01\/IDS_STC_1-278x300.png\" alt=\"\" width=\"278\" height=\"300\" srcset=\"https:\/\/www.plakosystems.pl\/wp-content\/uploads\/2025\/01\/IDS_STC_1-278x300.png 278w, https:\/\/www.plakosystems.pl\/wp-content\/uploads\/2025\/01\/IDS_STC_1-11x12.png 11w, https:\/\/www.plakosystems.pl\/wp-content\/uploads\/2025\/01\/IDS_STC_1-370x400.png 370w, https:\/\/www.plakosystems.pl\/wp-content\/uploads\/2025\/01\/IDS_STC_1-410x443.png 410w, https:\/\/www.plakosystems.pl\/wp-content\/uploads\/2025\/01\/IDS_STC_1.png 694w\" sizes=\"(max-width: 278px) 100vw, 278px\" \/><\/td><\/tr><tr><td width=\"38\">2.<\/td><td width=\"113\"><strong>A lamp illuminating the interior of the vehicle<\/strong><\/td><td style=\"text-align: justify;\" width=\"302\">22W LED lamp on a steel bending arm, 550\/450mm long. Galvanized arm. Lamp dimensions 100x100mm, powered by 24V, built-in 230\/24V transformer.<\/td><td width=\"170\"><img loading=\"lazy\" decoding=\"async\" class=\"alignnone size-medium wp-image-189\" src=\"https:\/\/www.plakosystems.pl\/wp-content\/uploads\/2022\/11\/a2-300x146.png\" alt=\"\" width=\"300\" height=\"146\" srcset=\"https:\/\/www.plakosystems.pl\/wp-content\/uploads\/2022\/11\/a2-300x146.png 300w, https:\/\/www.plakosystems.pl\/wp-content\/uploads\/2022\/11\/a2-370x180.png 370w, https:\/\/www.plakosystems.pl\/wp-content\/uploads\/2022\/11\/a2-410x200.png 410w, https:\/\/www.plakosystems.pl\/wp-content\/uploads\/2022\/11\/a2.png 474w\" sizes=\"(max-width: 300px) 100vw, 300px\" \/><\/td><\/tr><tr><td>3.<\/td><td><strong>External and internal information boards<\/strong><\/td><td style=\"text-align: justify;\">Information boards to be mounted outside (for drivers) and inside (for staff). Made of materials resistant to weather conditions. The information contained on the boards can be modified according to the customer's request.<\/td><td><img loading=\"lazy\" decoding=\"async\" class=\"aligncenter wp-image-423 size-large\" src=\"https:\/\/www.plakosystems.pl\/wp-content\/uploads\/2024\/04\/strona01-724x1024.jpg\" alt=\"\" width=\"724\" height=\"1024\" srcset=\"https:\/\/www.plakosystems.pl\/wp-content\/uploads\/2024\/04\/strona01-724x1024.jpg 724w, https:\/\/www.plakosystems.pl\/wp-content\/uploads\/2024\/04\/strona01-212x300.jpg 212w, https:\/\/www.plakosystems.pl\/wp-content\/uploads\/2024\/04\/strona01-768x1086.jpg 768w, https:\/\/www.plakosystems.pl\/wp-content\/uploads\/2024\/04\/strona01-1086x1536.jpg 1086w, https:\/\/www.plakosystems.pl\/wp-content\/uploads\/2024\/04\/strona01-1448x2048.jpg 1448w, https:\/\/www.plakosystems.pl\/wp-content\/uploads\/2024\/04\/strona01-370x523.jpg 370w, https:\/\/www.plakosystems.pl\/wp-content\/uploads\/2024\/04\/strona01-840x1188.jpg 840w, https:\/\/www.plakosystems.pl\/wp-content\/uploads\/2024\/04\/strona01-410x580.jpg 410w, https:\/\/www.plakosystems.pl\/wp-content\/uploads\/2024\/04\/strona01-scaled.jpg 1810w\" sizes=\"(max-width: 724px) 100vw, 724px\" \/><\/td><\/tr><\/tbody><\/table>\t\t\t\t\t\t\t\t<\/div>\n\t\t\t\t<\/div>\n\t\t\t\t\t<\/div>\n\t\t<\/div>\n\t\t\t\t\t<\/div>\n\t\t<\/section>\n\t\t\t\t<\/div>","protected":false},"excerpt":{"rendered":"<p>Poni\u017cej przedstawiamy wykaz element\u00f3w wchodz\u0105cych w sk\u0142ad system\u00f3w kontroli dokowania IDS. Systemy IDS to wielofunkcyjne rozwi\u0105zania dla bezpiecze\u0144stwa i\u00a0usprawnienia proces\u00f3w za\u0142adunkowych w halach magazynowych, logistycznych i\u00a0innych. INTELIGENTNE SYSTEMY DOKOWANIA IDS&hellip;<\/p>","protected":false},"author":1,"featured_media":0,"parent":0,"menu_order":0,"comment_status":"closed","ping_status":"closed","template":"","meta":{"footnotes":""},"class_list":["post-63","page","type-page","status-publish","hentry"],"_links":{"self":[{"href":"https:\/\/www.plakosystems.pl\/en\/wp-json\/wp\/v2\/pages\/63","targetHints":{"allow":["GET"]}}],"collection":[{"href":"https:\/\/www.plakosystems.pl\/en\/wp-json\/wp\/v2\/pages"}],"about":[{"href":"https:\/\/www.plakosystems.pl\/en\/wp-json\/wp\/v2\/types\/page"}],"author":[{"embeddable":true,"href":"https:\/\/www.plakosystems.pl\/en\/wp-json\/wp\/v2\/users\/1"}],"replies":[{"embeddable":true,"href":"https:\/\/www.plakosystems.pl\/en\/wp-json\/wp\/v2\/comments?post=63"}],"version-history":[{"count":67,"href":"https:\/\/www.plakosystems.pl\/en\/wp-json\/wp\/v2\/pages\/63\/revisions"}],"predecessor-version":[{"id":668,"href":"https:\/\/www.plakosystems.pl\/en\/wp-json\/wp\/v2\/pages\/63\/revisions\/668"}],"wp:attachment":[{"href":"https:\/\/www.plakosystems.pl\/en\/wp-json\/wp\/v2\/media?parent=63"}],"curies":[{"name":"wp","href":"https:\/\/api.w.org\/{rel}","templated":true}]}}