{"id":615,"date":"2025-01-02T18:43:17","date_gmt":"2025-01-02T16:43:17","guid":{"rendered":"https:\/\/www.plakosystems.pl\/?page_id=615"},"modified":"2025-01-02T18:58:51","modified_gmt":"2025-01-02T16:58:51","slug":"system-oss","status":"publish","type":"page","link":"https:\/\/www.plakosystems.pl\/en\/system-oss\/","title":{"rendered":"Sygnalizacja zaj\u0119to\u015bci doku za\u0142adunkowego IDS-OSS"},"content":{"rendered":"<div data-elementor-type=\"wp-page\" data-elementor-id=\"615\" class=\"elementor elementor-615\" data-elementor-post-type=\"page\">\n\t\t\t\t\t\t<section class=\"elementor-section elementor-top-section elementor-element elementor-element-a235185 elementor-section-boxed elementor-section-height-default elementor-section-height-default sc_fly_static\" data-id=\"a235185\" data-element_type=\"section\" data-e-type=\"section\">\n\t\t\t\t\t\t<div class=\"elementor-container elementor-column-gap-extended\">\n\t\t\t\t\t<div class=\"elementor-column elementor-col-50 elementor-top-column elementor-element elementor-element-21eeb79 sc_inner_width_none sc_content_align_inherit sc_layouts_column_icons_position_left sc_fly_static\" data-id=\"21eeb79\" data-element_type=\"column\" data-e-type=\"column\">\n\t\t\t<div class=\"elementor-widget-wrap elementor-element-populated\">\n\t\t\t\t\t\t<section class=\"elementor-section elementor-inner-section elementor-element elementor-element-80d996a elementor-section-boxed elementor-section-height-default elementor-section-height-default sc_fly_static\" data-id=\"80d996a\" data-element_type=\"section\" data-e-type=\"section\">\n\t\t\t\t\t\t<div class=\"elementor-container elementor-column-gap-extended\">\n\t\t\t\t\t<div class=\"elementor-column elementor-col-100 elementor-inner-column elementor-element elementor-element-535eafd sc_inner_width_none sc_content_align_inherit sc_layouts_column_icons_position_left sc_fly_static\" data-id=\"535eafd\" data-element_type=\"column\" data-e-type=\"column\">\n\t\t\t<div class=\"elementor-widget-wrap elementor-element-populated\">\n\t\t\t\t\t\t<div class=\"elementor-element elementor-element-c9a7746 sc_fly_static elementor-widget elementor-widget-text-editor\" data-id=\"c9a7746\" data-element_type=\"widget\" data-e-type=\"widget\" data-widget_type=\"text-editor.default\">\n\t\t\t\t<div class=\"elementor-widget-container\">\n\t\t\t\t\t\t\t\t\t<p style=\"text-align: justify;\">\u00a0<\/p><p style=\"text-align: justify;\">System sygnalizacji zaj\u0119to\u015bci doku prze\u0142adunkowego IDS-OSS sk\u0142adaj\u0105cy si\u0119 z elektronicznego sterownika oraz ledowego semafora dwukomorowego to funkcjonalny i prosty w obs\u0142udze zestaw usprawniaj\u0105cy komunikacj\u0119 na linii kierowca-magazynier.<\/p><p style=\"text-align: justify;\">Intuicyjna obs\u0142uga zapewniona jest dzi\u0119ki czytelnej grafice oraz du\u017cym pod\u015bwietlanym przyciskom. Dwukolorowy semafor zewn\u0119trzy informuje kierowc\u0119 o mo\u017cliwo\u015bci podjazdu pod wskazany dok.<\/p><p style=\"text-align: justify;\">Instalacja systemu jest prosta i wymaga jedynie doprowadzenia zasilania do sterownika oraz pod\u0142\u0105czenia przewodem semafora zewn\u0119trznego. System mo\u017cna w ka\u017cdej chwili doposa\u017cy\u0107 w dodatkowy semafor wewn\u0119trzny.<\/p><p style=\"text-align: justify;\">Zalet\u0105 tego zestawu jest mo\u017cliwo\u015b\u0107 szybkiej modernizacji do inteligentnego systemu dokowania IDS w celu zapewnienia jeszcze lepszej funkcjonalno\u015bci oraz zwi\u0119kszenia bezpiecze\u0144stwa w procesie prze\u0142adunku.<\/p>\t\t\t\t\t\t\t\t<\/div>\n\t\t\t\t<\/div>\n\t\t\t\t\t<\/div>\n\t\t<\/div>\n\t\t\t\t\t<\/div>\n\t\t<\/section>\n\t\t\t\t\t<\/div>\n\t\t<\/div>\n\t\t\t\t<div class=\"elementor-column elementor-col-50 elementor-top-column elementor-element elementor-element-ff041d9 sc_inner_width_none sc_content_align_inherit sc_layouts_column_icons_position_left sc_fly_static\" data-id=\"ff041d9\" data-element_type=\"column\" data-e-type=\"column\">\n\t\t\t<div class=\"elementor-widget-wrap elementor-element-populated\">\n\t\t\t\t\t\t<div class=\"elementor-element elementor-element-bd0128b sc_fly_static elementor-widget elementor-widget-gallery\" data-id=\"bd0128b\" data-element_type=\"widget\" data-e-type=\"widget\" data-settings=\"{&quot;gallery_layout&quot;:&quot;masonry&quot;,&quot;columns&quot;:2,&quot;lazyload&quot;:&quot;yes&quot;,&quot;columns_tablet&quot;:2,&quot;columns_mobile&quot;:1,&quot;gap&quot;:{&quot;unit&quot;:&quot;px&quot;,&quot;size&quot;:10,&quot;sizes&quot;:[]},&quot;gap_tablet&quot;:{&quot;unit&quot;:&quot;px&quot;,&quot;size&quot;:10,&quot;sizes&quot;:[]},&quot;gap_mobile&quot;:{&quot;unit&quot;:&quot;px&quot;,&quot;size&quot;:10,&quot;sizes&quot;:[]},&quot;link_to&quot;:&quot;file&quot;,&quot;overlay_background&quot;:&quot;yes&quot;,&quot;content_hover_animation&quot;:&quot;fade-in&quot;}\" data-widget_type=\"gallery.default\">\n\t\t\t\t<div class=\"elementor-widget-container\">\n\t\t\t\t\t\t\t<div class=\"elementor-gallery__container\">\n\t\t\t\t\t\t\t<a class=\"e-gallery-item elementor-gallery-item elementor-animated-content\" href=\"https:\/\/www.plakosystems.pl\/wp-content\/uploads\/2025\/01\/sterownik-sygnalizacji.png\" data-elementor-open-lightbox=\"yes\" data-elementor-lightbox-slideshow=\"bd0128b\" data-elementor-lightbox-title=\"sterownik sygnalizacji\" data-e-action-hash=\"#elementor-action%3Aaction%3Dlightbox%26settings%3DeyJpZCI6NjE0LCJ1cmwiOiJodHRwczpcL1wvd3d3LnBsYWtvc3lzdGVtcy5wbFwvd3AtY29udGVudFwvdXBsb2Fkc1wvMjAyNVwvMDFcL3N0ZXJvd25pay1zeWduYWxpemFjamkucG5nIiwic2xpZGVzaG93IjoiYmQwMTI4YiJ9\">\n\t\t\t\t\t<div class=\"e-gallery-image elementor-gallery-item__image\" data-thumbnail=\"https:\/\/www.plakosystems.pl\/wp-content\/uploads\/2025\/01\/sterownik-sygnalizacji-1024x864.png\" data-width=\"1024\" data-height=\"864\" aria-label=\"\" role=\"img\" ><\/div>\n\t\t\t\t\t\t\t\t\t\t\t<div class=\"elementor-gallery-item__overlay\"><\/div>\n\t\t\t\t\t\t\t\t\t\t\t\t\t\t<\/a>\n\t\t\t\t\t\t\t<a class=\"e-gallery-item elementor-gallery-item elementor-animated-content\" href=\"https:\/\/www.plakosystems.pl\/wp-content\/uploads\/2025\/01\/IDS_SL_2.png\" data-elementor-open-lightbox=\"yes\" data-elementor-lightbox-slideshow=\"bd0128b\" data-elementor-lightbox-title=\"IDS_SL_2\" data-e-action-hash=\"#elementor-action%3Aaction%3Dlightbox%26settings%3DeyJpZCI6NjI1LCJ1cmwiOiJodHRwczpcL1wvd3d3LnBsYWtvc3lzdGVtcy5wbFwvd3AtY29udGVudFwvdXBsb2Fkc1wvMjAyNVwvMDFcL0lEU19TTF8yLnBuZyIsInNsaWRlc2hvdyI6ImJkMDEyOGIifQ%3D%3D\">\n\t\t\t\t\t<div class=\"e-gallery-image elementor-gallery-item__image\" data-thumbnail=\"https:\/\/www.plakosystems.pl\/wp-content\/uploads\/2025\/01\/IDS_SL_2.png\" data-width=\"300\" data-height=\"554\" aria-label=\"\" role=\"img\" ><\/div>\n\t\t\t\t\t\t\t\t\t\t\t<div class=\"elementor-gallery-item__overlay\"><\/div>\n\t\t\t\t\t\t\t\t\t\t\t\t\t\t<\/a>\n\t\t\t\t\t<\/div>\n\t\t\t\t\t<\/div>\n\t\t\t\t<\/div>\n\t\t\t\t\t<\/div>\n\t\t<\/div>\n\t\t\t\t\t<\/div>\n\t\t<\/section>\n\t\t\t\t<\/div>","protected":false},"excerpt":{"rendered":"<p>\u00a0 System sygnalizacji zaj\u0119to\u015bci doku prze\u0142adunkowego IDS-OSS sk\u0142adaj\u0105cy si\u0119 z elektronicznego sterownika oraz ledowego semafora dwukomorowego to funkcjonalny i prosty w obs\u0142udze zestaw usprawniaj\u0105cy komunikacj\u0119 na linii kierowca-magazynier. Intuicyjna obs\u0142uga&hellip;<\/p>","protected":false},"author":3,"featured_media":0,"parent":0,"menu_order":0,"comment_status":"closed","ping_status":"closed","template":"elementor_header_footer","meta":{"footnotes":""},"class_list":["post-615","page","type-page","status-publish","hentry"],"_links":{"self":[{"href":"https:\/\/www.plakosystems.pl\/en\/wp-json\/wp\/v2\/pages\/615","targetHints":{"allow":["GET"]}}],"collection":[{"href":"https:\/\/www.plakosystems.pl\/en\/wp-json\/wp\/v2\/pages"}],"about":[{"href":"https:\/\/www.plakosystems.pl\/en\/wp-json\/wp\/v2\/types\/page"}],"author":[{"embeddable":true,"href":"https:\/\/www.plakosystems.pl\/en\/wp-json\/wp\/v2\/users\/3"}],"replies":[{"embeddable":true,"href":"https:\/\/www.plakosystems.pl\/en\/wp-json\/wp\/v2\/comments?post=615"}],"version-history":[{"count":8,"href":"https:\/\/www.plakosystems.pl\/en\/wp-json\/wp\/v2\/pages\/615\/revisions"}],"predecessor-version":[{"id":629,"href":"https:\/\/www.plakosystems.pl\/en\/wp-json\/wp\/v2\/pages\/615\/revisions\/629"}],"wp:attachment":[{"href":"https:\/\/www.plakosystems.pl\/en\/wp-json\/wp\/v2\/media?parent=615"}],"curies":[{"name":"wp","href":"https:\/\/api.w.org\/{rel}","templated":true}]}}